{"id":522,"date":"2025-01-04T21:51:53","date_gmt":"2025-01-05T03:51:53","guid":{"rendered":"https:\/\/hitanna.com\/?page_id=522"},"modified":"2025-04-28T03:26:58","modified_gmt":"2025-04-28T09:26:58","slug":"recursos","status":"publish","type":"page","link":"https:\/\/hitanna.com\/index.php\/recursos\/","title":{"rendered":"Recursos"},"content":{"rendered":"\n<div class=\"wp-block-columns is-layout-flex wp-container-core-columns-is-layout-28f84493 wp-block-columns-is-layout-flex\">\n<div class=\"wp-block-column is-layout-flow wp-block-column-is-layout-flow\" style=\"flex-basis:50%\">\n<div class=\"wp-block-group has-large-font-size has-global-padding is-layout-constrained wp-block-group-is-layout-constrained\">\n<h2 class=\"wp-block-heading\">Recursos<\/h2>\n\n\n\n<p>En esta secci\u00f3n podr\u00e1s encontrar materiales como im\u00e1genes, posters y animaciones en video, dise\u00f1ados para que bares, salones, organizadores de eventos y encargados de lo audiovisual puedan hacer uso de ellos para promocionar nuestras presentaciones.<\/p>\n\n\n\n<p>Puedes utilizar estos recursos para proyectar en las pantallas del lugar durante nuestros shows o para crear flyers, posters y contenido para redes sociales que ayuden a difundir nuestros eventos. Estos materiales est\u00e1n disponibles para que puedas darle un toque visual y profesional a la promoci\u00f3n de Hitanna en cualquier evento donde nos presentemos.<\/p>\n\n\n\n<p><strong>\u00bfC\u00f3mo puedes utilizar los recursos?<\/strong><\/p>\n\n\n\n<ul class=\"wp-block-list\">\n<li><strong>Im\u00e1genes:<\/strong> Descarga im\u00e1genes de alta calidad para crear posters, flyers o cualquier material promocional.<\/li>\n\n\n\n<li><strong>Animaciones en video:<\/strong> Utiliza nuestras animaciones en video para proyectar en las pantallas durante nuestras presentaciones y darle un plus visual a la atm\u00f3sfera del lugar.<\/li>\n<\/ul>\n\n\n\n<p>Esperamos que estos recursos te ayuden<\/p>\n<\/div>\n<\/div>\n\n\n\n<div class=\"wp-block-column is-layout-flow wp-block-column-is-layout-flow\" style=\"flex-basis:50%\">\n<div class=\"wp-block-group is-vertical is-layout-flex wp-container-core-group-is-layout-fe9cc265 wp-block-group-is-layout-flex\">\n<div class=\"wp-block-group has-global-padding is-layout-constrained wp-block-group-is-layout-constrained\">\n<h2 class=\"wp-block-heading\">Im\u00e1genes (Pendiente)<\/h2>\n\n\n\n<figure class=\"wp-block-image alignfull size-full\"><img loading=\"lazy\" decoding=\"async\" width=\"1811\" height=\"1134\" src=\"https:\/\/hitanna.com\/wp-content\/uploads\/2025\/04\/Hitanna-Grupo.png\" alt=\"\" class=\"wp-image-597\" srcset=\"https:\/\/hitanna.com\/wp-content\/uploads\/2025\/04\/Hitanna-Grupo.png 1811w, https:\/\/hitanna.com\/wp-content\/uploads\/2025\/04\/Hitanna-Grupo-300x188.png 300w, https:\/\/hitanna.com\/wp-content\/uploads\/2025\/04\/Hitanna-Grupo-1024x641.png 1024w, https:\/\/hitanna.com\/wp-content\/uploads\/2025\/04\/Hitanna-Grupo-768x481.png 768w, https:\/\/hitanna.com\/wp-content\/uploads\/2025\/04\/Hitanna-Grupo-1536x962.png 1536w, https:\/\/hitanna.com\/wp-content\/uploads\/2025\/04\/Hitanna-Grupo-500x313.png 500w, https:\/\/hitanna.com\/wp-content\/uploads\/2025\/04\/Hitanna-Grupo-800x501.png 800w, https:\/\/hitanna.com\/wp-content\/uploads\/2025\/04\/Hitanna-Grupo-1280x802.png 1280w\" sizes=\"auto, (max-width: 1811px) 100vw, 1811px\" \/><\/figure>\n<\/div>\n\n\n\n<div class=\"wp-block-group has-global-padding is-layout-constrained wp-block-group-is-layout-constrained\">\n<h2 class=\"wp-block-heading\">Videos<\/h2>\n\n\n\n<figure class=\"wp-block-video\"><video controls src=\"https:\/\/scorgesoftware.s3.us-east-1.amazonaws.com\/Hitanna\/Recursos\/Hitanna%20Glitch.mov\"><\/video><\/figure>\n<\/div>\n<\/div>\n<\/div>\n<\/div>\n","protected":false},"excerpt":{"rendered":"<p>Recursos En esta secci\u00f3n podr\u00e1s encontrar materiales como im\u00e1genes, posters y animaciones en video, dise\u00f1ados para que bares, salones, organizadores de eventos y encargados de lo audiovisual puedan hacer uso [&hellip;]<\/p>\n","protected":false},"author":1,"featured_media":0,"parent":0,"menu_order":0,"comment_status":"closed","ping_status":"closed","template":"","meta":{"_EventAllDay":false,"_EventTimezone":"","_EventStartDate":"","_EventEndDate":"","_EventStartDateUTC":"","_EventEndDateUTC":"","_EventShowMap":false,"_EventShowMapLink":false,"_EventURL":"","_EventCost":"","_EventCostDescription":"","_EventCurrencySymbol":"","_EventCurrencyCode":"","_EventCurrencyPosition":"","_EventDateTimeSeparator":"","_EventTimeRangeSeparator":"","_EventOrganizerID":[],"_EventVenueID":[],"_OrganizerEmail":"","_OrganizerPhone":"","_OrganizerWebsite":"","_VenueAddress":"","_VenueCity":"","_VenueCountry":"","_VenueProvince":"","_VenueState":"","_VenueZip":"","_VenuePhone":"","_VenueURL":"","_VenueStateProvince":"","_VenueLat":"","_VenueLng":"","_VenueShowMap":false,"_VenueShowMapLink":false,"footnotes":""},"class_list":["post-522","page","type-page","status-publish","hentry"],"_links":{"self":[{"href":"https:\/\/hitanna.com\/index.php\/wp-json\/wp\/v2\/pages\/522","targetHints":{"allow":["GET"]}}],"collection":[{"href":"https:\/\/hitanna.com\/index.php\/wp-json\/wp\/v2\/pages"}],"about":[{"href":"https:\/\/hitanna.com\/index.php\/wp-json\/wp\/v2\/types\/page"}],"author":[{"embeddable":true,"href":"https:\/\/hitanna.com\/index.php\/wp-json\/wp\/v2\/users\/1"}],"replies":[{"embeddable":true,"href":"https:\/\/hitanna.com\/index.php\/wp-json\/wp\/v2\/comments?post=522"}],"version-history":[{"count":9,"href":"https:\/\/hitanna.com\/index.php\/wp-json\/wp\/v2\/pages\/522\/revisions"}],"predecessor-version":[{"id":598,"href":"https:\/\/hitanna.com\/index.php\/wp-json\/wp\/v2\/pages\/522\/revisions\/598"}],"wp:attachment":[{"href":"https:\/\/hitanna.com\/index.php\/wp-json\/wp\/v2\/media?parent=522"}],"curies":[{"name":"wp","href":"https:\/\/api.w.org\/{rel}","templated":true}]}}